{"id":637,"date":"2025-08-22T18:23:46","date_gmt":"2025-08-22T16:23:46","guid":{"rendered":"https:\/\/sztettc.hu\/?page_id=637"},"modified":"2026-04-01T07:06:13","modified_gmt":"2026-04-01T05:06:13","slug":"projektek","status":"publish","type":"page","link":"https:\/\/sztettc.hu\/en\/for-the-university-community\/projektek\/","title":{"rendered":"Projects"},"content":{"rendered":"<div class=\"bde-globalblock-637-100 bde-globalblock\">\n<section class=\"bde-section-138-100-138-1 bde-section bde-section-138-100\">\n              \n  \n  \n\t\n\n\n\n<div class=\"section-container\"><h1 class=\"bde-heading-138-101-138-1 bde-heading bde-heading-138-101\">\nProjects\n<\/h1><div class=\"bde-breadcrumbs-138-102-138-1 bde-breadcrumbs bde-breadcrumbs-138-102\">\n<nav aria-label=\"breadcrumbs\" class=\"rank-math-breadcrumb\"><p><span class=\"last\">SZTE TTC<\/span><\/p><\/nav>\n<\/div><\/div>\n<\/section>\n<\/div><section class=\"bde-section-637-109 bde-section\">\n  \n  \n\t\n\n\n\n<div class=\"section-container\"><div class=\"bde-div-637-126 bde-div\">\n  \n  \n\t\n\n\n\n<div class=\"bde-div-637-127 bde-div\">\n  \n  \n\t\n\n\n\n<h3 class=\"bde-heading-637-128 bde-heading\">\nStudent Startup Hackathon 2026\n<\/h3><div class=\"bde-button-637-129 bde-button\">\n    \n                                    \n    \n    \n    \n    \n            \n                    \n            \n            \n\n    \n    \n    \n    \n    \n    <a class=\"breakdance-link button-atom button-atom--secondary bde-button__button\" href=\"https:\/\/sztettc.hu\/en\/for-the-university-community\/projektek\/student-startup-hackathon-2026\/\" target=\"_self\" data-type=\"url\"  >\n\n    \n        <span class=\"button-atom__text\">Explore Project<\/span>\n\n        \n        \n                <\/a>\n\n    \n\n\n<\/div>\n<\/div><div class=\"bde-fancy-divider-637-130 bde-fancy-divider\">\n\n\n<div class=\"bde-fancy-divider__wrapper\">\n  <div class=\"bde-fancy-divider__separator\">\n  \t  <\/div>\n<\/div>\n\n<\/div><p class=\"bde-text-637-131 bde-text\">\nThe Student Startup Hackathon 2026 is a full-day, experience-driven idea competition for university students, where\u2014with the support of mentors\u2014you can develop scalable solutions to real-world problems, and present them to a panel of expert judges.\n<\/p>\n<\/div><\/div>\n<\/section><section class=\"bde-section-637-118 bde-section\">\n  \n  \n\t\n\n\n\n<div class=\"section-container\"><div class=\"bde-div-637-110 bde-div\">\n  \n  \n\t\n\n\n\n<div class=\"bde-div-637-112 bde-div\">\n  \n  \n\t\n\n\n\n<h3 class=\"bde-heading-637-113 bde-heading\">\nV4 for Innovation: Knowledge Transfer Cooperation of V4 Countries\n<\/h3><div class=\"bde-button-637-114 bde-button\">\n    \n                                    \n    \n    \n    \n    \n            \n                    \n            \n            \n\n    \n    \n    \n    \n    \n    <a class=\"breakdance-link button-atom button-atom--secondary bde-button__button\" href=\"https:\/\/sztettc.hu\/en\/for-the-university-community\/projektek\/v4-for-innovation-knowledge-transfer-cooperation-of-v4-countries\/\" target=\"_self\" data-type=\"url\"  >\n\n    \n        <span class=\"button-atom__text\">Explore Project<\/span>\n\n        \n        \n                <\/a>\n\n    \n\n\n<\/div>\n<\/div><div class=\"bde-fancy-divider-637-115 bde-fancy-divider\">\n\n\n<div class=\"bde-fancy-divider__wrapper\">\n  <div class=\"bde-fancy-divider__separator\">\n  \t  <\/div>\n<\/div>\n\n<\/div><p class=\"bde-text-637-116 bde-text\">\nLed by SZTE TTC, the project brings together four Technology Transfer Centers (TTCs) and universities to strengthen knowledge transfer across the V4 region, engaging the entire innovation ecosystem value chain.\n\nKey challenges include the low market utilization of academic research, digital lag, and talent drain. In response, the project delivers thematic workshops, an international conference, and an open digital knowledge platform to facilitate the sharing of best practices and the testing of new models.\n<\/p>\n<\/div><\/div>\n<\/section><section class=\"bde-section-637-101 bde-section\">\n  \n  \n\t\n\n\n\n<div class=\"section-container\"><div class=\"bde-div-637-119 bde-div\">\n  \n  \n\t\n\n\n\n<div class=\"bde-div-637-120 bde-div\">\n  \n  \n\t\n\n\n\n<h3 class=\"bde-heading-637-121 bde-heading\">\nPoC \u2013 Proof of Concept Grant\n<\/h3><div class=\"bde-button-637-122 bde-button\">\n    \n                                    \n    \n    \n    \n    \n            \n                    \n            \n            \n\n    \n    \n    \n    \n    \n    <a class=\"breakdance-link button-atom button-atom--secondary bde-button__button\" href=\"https:\/\/sztettc.hu\/en\/for-the-university-community\/projektek\/poc-proof-of-concept-palyazat\/\" target=\"_self\" data-type=\"url\"  >\n\n    \n        <span class=\"button-atom__text\">Explore Project<\/span>\n\n        \n        \n                <\/a>\n\n    \n\n\n<\/div>\n<\/div><div class=\"bde-fancy-divider-637-123 bde-fancy-divider\">\n\n\n<div class=\"bde-fancy-divider__wrapper\">\n  <div class=\"bde-fancy-divider__separator\">\n  \t  <\/div>\n<\/div>\n\n<\/div><p class=\"bde-text-637-124 bde-text\">\nSZTE Technology Transfer Company (TTC) is announcing a Proof of Concept (PoC) grant for researchers, students, and research teams at the University of Szeged. The grant aims to support the validation of innovative ideas and prepare them for market application.\n\nUnder this program, projects focusing on technological, product, service, or process development can be realized, facilitating the practical application of research results generated at SZTE and laying the foundation for further development.\n<\/p>\n<\/div><\/div>\n<\/section><section class=\"bde-section-637-125 bde-section\">\n  \n  \n\t\n\n\n\n<div class=\"section-container\"><div class=\"bde-div-637-102 bde-div\">\n  \n  \n\t\n\n\n\n<div class=\"bde-div-637-104 bde-div\">\n  \n  \n\t\n\n\n\n<h3 class=\"bde-heading-637-105 bde-heading\">\nSmart Campus \u2013 Innovative Approaches to Digital Environments\n<\/h3><div class=\"bde-button-637-106 bde-button\">\n    \n                                    \n    \n    \n    \n    \n            \n                    \n            \n            \n\n    \n    \n    \n    \n    \n    <a class=\"breakdance-link button-atom button-atom--secondary bde-button__button\" href=\"https:\/\/sztettc.hu\/en\/for-the-university-community\/projektek\/smart-campus\/\" target=\"_self\" data-type=\"url\"  >\n\n    \n        <span class=\"button-atom__text\">Explore Project<\/span>\n\n        \n        \n                <\/a>\n\n    \n\n\n<\/div>\n<\/div><div class=\"bde-fancy-divider-637-107 bde-fancy-divider\">\n\n\n<div class=\"bde-fancy-divider__wrapper\">\n  <div class=\"bde-fancy-divider__separator\">\n  \t  <\/div>\n<\/div>\n\n<\/div><p class=\"bde-text-637-108 bde-text\">\nThe Smart Campus initiative redefines university life by integrating advanced technology to enhance student experience, operational efficiency, and sustainability. The University of Szeged (SZTE) is at the forefront of this transformation, leveraging its extensive expertise and partnerships to build a digitally connected and innovative educational ecosystem.\n<\/p>\n<\/div><\/div>\n<\/section>","protected":false},"excerpt":{"rendered":"<p>Projektek SZTE TTC Zrt. Student Startup Hackathon 2026 Projekt megtekint\u00e9se A Student Startup Hackathon 2026 egy eg\u00e9sz napos, \u00e9lm\u00e9nyalap\u00fa \u00f6tletverseny egyetemi hallgat\u00f3knak, ahol mentorok seg\u00edts\u00e9g\u00e9vel dolgozhattok ki val\u00f3s probl\u00e9m\u00e1kra sk\u00e1l\u00e1zhat\u00f3 megold\u00e1sokat \u2013 majd bemutathatj\u00e1tok azokat a szakmai zs\u0171rinek. V4 for Innovation: Knowledge Transfer Cooperation of V4 Countries Projekt megtekint\u00e9se A projekt n\u00e9gy technol\u00f3giatranszfer k\u00f6zpontot (TTC) [&hellip;]<\/p>","protected":false},"author":1,"featured_media":0,"parent":630,"menu_order":1,"comment_status":"closed","ping_status":"closed","template":"","meta":{"_breakdance_hide_in_design_set":false,"_breakdance_tags":"","iawp_total_views":201,"footnotes":""},"class_list":["post-637","page","type-page","status-publish","hentry"],"_links":{"self":[{"href":"https:\/\/sztettc.hu\/en\/wp-json\/wp\/v2\/pages\/637","targetHints":{"allow":["GET"]}}],"collection":[{"href":"https:\/\/sztettc.hu\/en\/wp-json\/wp\/v2\/pages"}],"about":[{"href":"https:\/\/sztettc.hu\/en\/wp-json\/wp\/v2\/types\/page"}],"author":[{"embeddable":true,"href":"https:\/\/sztettc.hu\/en\/wp-json\/wp\/v2\/users\/1"}],"replies":[{"embeddable":true,"href":"https:\/\/sztettc.hu\/en\/wp-json\/wp\/v2\/comments?post=637"}],"version-history":[{"count":15,"href":"https:\/\/sztettc.hu\/en\/wp-json\/wp\/v2\/pages\/637\/revisions"}],"predecessor-version":[{"id":1095,"href":"https:\/\/sztettc.hu\/en\/wp-json\/wp\/v2\/pages\/637\/revisions\/1095"}],"up":[{"embeddable":true,"href":"https:\/\/sztettc.hu\/en\/wp-json\/wp\/v2\/pages\/630"}],"wp:attachment":[{"href":"https:\/\/sztettc.hu\/en\/wp-json\/wp\/v2\/media?parent=637"}],"curies":[{"name":"wp","href":"https:\/\/api.w.org\/{rel}","templated":true}]}}