{"id":592,"date":"2025-08-22T16:34:00","date_gmt":"2025-08-22T14:34:00","guid":{"rendered":"https:\/\/sztettc.hu\/?page_id=592"},"modified":"2025-09-19T17:56:02","modified_gmt":"2025-09-19T15:56:02","slug":"kompetenciak","status":"publish","type":"page","link":"https:\/\/sztettc.hu\/en\/for-enterprises\/kompetenciak\/","title":{"rendered":"Competencies"},"content":{"rendered":"<div class=\"bde-globalblock-592-133 bde-globalblock\">\n<section class=\"bde-section-138-100-138-1 bde-section bde-section-138-100\">\n              \n  \n  \n\t\n\n\n\n<div class=\"section-container\"><h1 class=\"bde-heading-138-101-138-1 bde-heading bde-heading-138-101\">\nCompetencies\n<\/h1><div class=\"bde-breadcrumbs-138-102-138-1 bde-breadcrumbs bde-breadcrumbs-138-102\">\n<nav aria-label=\"breadcrumbs\" class=\"rank-math-breadcrumb\"><p><span class=\"last\">SZTE TTC<\/span><\/p><\/nav>\n<\/div><\/div>\n<\/section>\n<\/div><section class=\"bde-section-592-100 bde-section\">\n  \n  \n\t\n\n\n\n<div class=\"section-container\"><div class=\"bde-columns-592-101 bde-columns\"><div class=\"bde-column-592-102 bde-column\">\n  \n  \n\t\n\n\n\n<div class=\"bde-div-592-135 bde-div\">\n              \n  \n  \n\t\n\n  <div class=\"section-background-overlay\"><\/div>\n\n\n<h3 class=\"bde-heading-592-103 bde-heading\">\nAsk for a quote!\n<\/h3><p class=\"bde-text-592-104 bde-text\">\nUnlock innovation \u2013 Get a tailored technology transfer solution! \n<\/p><div class=\"bde-button-592-134 bde-button bde-preset-55d803b2-6686-49a2-92c5-39200f54b262\">\n    \n                                    \n    \n    \n    \n    \n            \n                    \n            \n            \n\n    \n    \n    \n    \n    \n    <a class=\"breakdance-link button-atom button-atom--custom bde-button__button\" href=\"https:\/\/sztettc.hu\/en\/for-enterprises\/ajanlatkeres\/\" target=\"_self\" data-type=\"url\"  >\n\n    \n        <span class=\"button-atom__text\">Ask for a quote<\/span>\n\n        \n        \n                <\/a>\n\n    \n\n\n<\/div>\n<\/div>\n<\/div><div class=\"bde-column-592-106 bde-column\">\n  \n  \n\t\n\n\n\n<div class=\"bde-div-592-107 bde-div\">\n  \n  \n\t\n\n\n\n<h3 class=\"bde-heading-592-108 bde-heading\">\nMarket Analysis and Strategy Development\n<\/h3><div class=\"bde-fancy-divider-592-109 bde-fancy-divider\">\n\n\n<div class=\"bde-fancy-divider__wrapper\">\n  <div class=\"bde-fancy-divider__separator\">\n  \t  <\/div>\n<\/div>\n\n<\/div><p class=\"bde-text-592-110 bde-text\">\nWe help identify target markets, understand customer need, and painpoint with the highest growth potential. Our market analyses and forecasts provide a solid foundation for strategic decisions and go-to-market planning.\n<\/p>\n<\/div><div class=\"bde-div-592-111 bde-div\">\n  \n  \n\t\n\n\n\n<h3 class=\"bde-heading-592-112 bde-heading\">\nTechnology and Business Validation\n<\/h3><div class=\"bde-fancy-divider-592-113 bde-fancy-divider\">\n\n\n<div class=\"bde-fancy-divider__wrapper\">\n  <div class=\"bde-fancy-divider__separator\">\n  \t  <\/div>\n<\/div>\n\n<\/div><p class=\"bde-text-592-114 bde-text\">\nWe assess the market potential of an idea or development through independent expert feedback, competitor analysis, and technological feasibility studies. Special attention is given to clearly defining the value proposition and identifying potential gaps.\n<\/p>\n<\/div><div class=\"bde-div-592-115 bde-div\">\n  \n  \n\t\n\n\n\n<h3 class=\"bde-heading-592-116 bde-heading\">\nBusiness Model and Go-to-Market\n<\/h3><div class=\"bde-fancy-divider-592-117 bde-fancy-divider\">\n\n\n<div class=\"bde-fancy-divider__wrapper\">\n  <div class=\"bde-fancy-divider__separator\">\n  \t  <\/div>\n<\/div>\n\n<\/div><p class=\"bde-text-592-118 bde-text\">\nWe support the development and market validation of business models, cost and resource planning, as well as mapping potential funding sources. We ensure that innovations reach their target markets as efficiently as possible.\n<\/p>\n<\/div><div class=\"bde-div-592-119 bde-div\">\n  \n  \n\t\n\n\n\n<h3 class=\"bde-heading-592-120 bde-heading\">\nInnovation Programs and Project Implementation\n<\/h3><div class=\"bde-fancy-divider-592-121 bde-fancy-divider\">\n\n\n<div class=\"bde-fancy-divider__wrapper\">\n  <div class=\"bde-fancy-divider__separator\">\n  \t  <\/div>\n<\/div>\n\n<\/div><p class=\"bde-text-592-122 bde-text\">\nWe create the conditions for joint developments between industry players and researchers. Through pilot projects, MVP incubation, and co-innovation programs, we test and refine solutions in real market environments.\n<\/p>\n<\/div><div class=\"bde-div-592-123 bde-div\">\n  \n  \n\t\n\n\n\n<h3 class=\"bde-heading-592-124 bde-heading\">\nCapability Building and Sales Enablement\n<\/h3><div class=\"bde-fancy-divider-592-125 bde-fancy-divider\">\n\n\n<div class=\"bde-fancy-divider__wrapper\">\n  <div class=\"bde-fancy-divider__separator\">\n  \t  <\/div>\n<\/div>\n\n<\/div><p class=\"bde-text-592-126 bde-text\">\nWe support companies in strengthening their market position through personalized professional guidance and knowledge sharing. We provide access to valuable networks, as well as customized client lists and business development opportunities.\n<\/p>\n<\/div><div class=\"bde-div-592-127 bde-div\">\n  \n  \n\t\n\n\n\n<h3 class=\"bde-heading-592-128 bde-heading\">\nSales and Implementation Support\n<\/h3><div class=\"bde-fancy-divider-592-129 bde-fancy-divider\">\n\n\n<div class=\"bde-fancy-divider__wrapper\">\n  <div class=\"bde-fancy-divider__separator\">\n  \t  <\/div>\n<\/div>\n\n<\/div><p class=\"bde-text-592-130 bde-text\">\nWe assist in bringing products and services to market, preparing sales materials, and managing the entire sales process. We monitor the performance of deployed technologies and identify opportunities for further development.\n<\/p>\n<\/div>\n<\/div><\/div><\/div>\n<\/section>","protected":false},"excerpt":{"rendered":"<p>Kompetenci\u00e1k SZTE TTC Zrt. K\u00e9rjen aj\u00e1nlatot! K\u00e9rjen egyedi aj\u00e1nlatot Technol\u00f3gia Transzfer szolg\u00e1ltat\u00e1sainkra! Aj\u00e1nlatk\u00e9r\u00e9s Piackutat\u00e1s \u00e9s strat\u00e9giai tervez\u00e9s Seg\u00edt\u00fcnk felt\u00e9rk\u00e9pezni a c\u00e9lpiacokat, meg\u00e9rteni a fogyaszt\u00f3i viselked\u00e9st, \u00e9s azonos\u00edtani a legnagyobb n\u00f6veked\u00e9si potenci\u00e1lt k\u00edn\u00e1l\u00f3 szegmenseket. Piaci elemz\u00e9seink \u00e9s el\u0151rejelz\u00e9seink biztos alapot ny\u00fajtanak a strat\u00e9giai d\u00f6nt\u00e9sekhez \u00e9s a piaci bevezet\u00e9s tervez\u00e9s\u00e9hez. Technol\u00f3giai \u00e9s \u00fczleti valid\u00e1ci\u00f3 F\u00fcggetlen szak\u00e9rt\u0151i visszajelz\u00e9sekkel, [&hellip;]<\/p>","protected":false},"author":1,"featured_media":0,"parent":121,"menu_order":0,"comment_status":"closed","ping_status":"closed","template":"","meta":{"_breakdance_hide_in_design_set":false,"_breakdance_tags":"","iawp_total_views":79,"footnotes":""},"class_list":["post-592","page","type-page","status-publish","hentry"],"_links":{"self":[{"href":"https:\/\/sztettc.hu\/en\/wp-json\/wp\/v2\/pages\/592","targetHints":{"allow":["GET"]}}],"collection":[{"href":"https:\/\/sztettc.hu\/en\/wp-json\/wp\/v2\/pages"}],"about":[{"href":"https:\/\/sztettc.hu\/en\/wp-json\/wp\/v2\/types\/page"}],"author":[{"embeddable":true,"href":"https:\/\/sztettc.hu\/en\/wp-json\/wp\/v2\/users\/1"}],"replies":[{"embeddable":true,"href":"https:\/\/sztettc.hu\/en\/wp-json\/wp\/v2\/comments?post=592"}],"version-history":[{"count":14,"href":"https:\/\/sztettc.hu\/en\/wp-json\/wp\/v2\/pages\/592\/revisions"}],"predecessor-version":[{"id":615,"href":"https:\/\/sztettc.hu\/en\/wp-json\/wp\/v2\/pages\/592\/revisions\/615"}],"up":[{"embeddable":true,"href":"https:\/\/sztettc.hu\/en\/wp-json\/wp\/v2\/pages\/121"}],"wp:attachment":[{"href":"https:\/\/sztettc.hu\/en\/wp-json\/wp\/v2\/media?parent=592"}],"curies":[{"name":"wp","href":"https:\/\/api.w.org\/{rel}","templated":true}]}}