{"id":273,"date":"2025-01-16T10:46:24","date_gmt":"2025-01-16T09:46:24","guid":{"rendered":"https:\/\/sztettc.hu\/?page_id=273"},"modified":"2025-01-24T09:32:17","modified_gmt":"2025-01-24T08:32:17","slug":"impressum","status":"publish","type":"page","link":"https:\/\/sztettc.hu\/en\/impressum\/","title":{"rendered":"Impressum"},"content":{"rendered":"<div class=\"bde-globalblock-273-100 bde-globalblock\">\n<section class=\"bde-section-138-100-138-1 bde-section bde-section-138-100\">\n              \n  \n  \n\t\n\n\n\n<div class=\"section-container\"><h1 class=\"bde-heading-138-101-138-1 bde-heading bde-heading-138-101\">\nImpressum\n<\/h1><div class=\"bde-breadcrumbs-138-102-138-1 bde-breadcrumbs bde-breadcrumbs-138-102\">\n<nav aria-label=\"breadcrumbs\" class=\"rank-math-breadcrumb\"><p><span class=\"last\">SZTE TTC<\/span><\/p><\/nav>\n<\/div><\/div>\n<\/section>\n<\/div><section class=\"bde-section-273-101 bde-section\">\n  \n  \n\t\n\n\n\n<div class=\"section-container\"><h4 class=\"bde-heading-273-102 bde-heading\">\nOperated by\n<\/h4><div class=\"bde-rich-text-273-103 bde-rich-text breakdance-rich-text-styles\">\n<p>SZTE TTC<br>6720 Szeged, Tisza Lajos k\u00f6r\u00fat 58. 1st floor 3.<br>Tax number: 32516858-2-06<br>Company registration number: 06 10 000617<br><a target=\"_self\" href=\"mailto:info@sztettc.hu\"><span style=\"display:inline;unicode-bidi:bidi-override;direction:rtl;\" class=\"\">uh.cttetzs<span style=\"display:none;\">obfsctd-29af62<\/span>&#64;ofni<\/span><\/a><\/p>\n<\/div><h4 class=\"bde-heading-273-104 bde-heading\">\nHosting\n<\/h4><div class=\"bde-rich-text-273-105 bde-rich-text breakdance-rich-text-styles\">\n<p>T\u00e1rhely.Eu Kft.<br>1144 Budapest, Orm\u00e1ns\u00e1g utca 4. X. em. 241.<br>Tax number: 14571332-2-42<br>Company registration number: 01-09-909968<br><a href=\"mailto:support@tarhely.eu\"><span style=\"display:inline;unicode-bidi:bidi-override;direction:rtl;\" class=\"\">ue.ylehrat<span style=\"display:none;\">obfsctd-2dece6<\/span>&#64;troppus<\/span><\/a><\/p>\n<\/div><h4 class=\"bde-heading-273-106 bde-heading\">\nDesign, concept and development\n<\/h4><div class=\"bde-rich-text-273-107 bde-rich-text breakdance-rich-text-styles\">\n<p><a target=\"_blank\" href=\"https:\/\/solarstudios.hu\" rel=\"noopener noreferrer nofollow\">solarstudios.hu<\/a><\/p>\n<\/div><\/div>\n<\/section>","protected":false},"excerpt":{"rendered":"<p>Impresszum SZTE TTC Zrt. \u00dczemeltet\u0151 SZTE TTC Zrt.6720 Szeged, Tisza Lajos k\u00f6r\u00fat 58. 1. em. 3. ajt\u00f3Ad\u00f3sz\u00e1m: 32516858-2-06C\u00e9gjegyz\u00e9ksz\u00e1m: 06 10 000617uh.cttetzsobfsctd-7afefd&#64;ofni T\u00e1rhelyszolg\u00e1ltat\u00f3 T\u00e1rhely.Eu Kft.1144 Budapest, Orm\u00e1ns\u00e1g utca 4. X. em. 241.Ad\u00f3sz\u00e1m: 14571332-2-42C\u00e9gjegyz\u00e9ksz\u00e1m: 01-09-909968ue.ylehratobfsctd-3f8549&#64;troppus Design, koncepci\u00f3 \u00e9s fejleszt\u00e9s solarstudios.hu<\/p>","protected":false},"author":1,"featured_media":0,"parent":0,"menu_order":9800,"comment_status":"closed","ping_status":"closed","template":"","meta":{"_breakdance_hide_in_design_set":false,"_breakdance_tags":"","iawp_total_views":23,"footnotes":""},"class_list":["post-273","page","type-page","status-publish","hentry"],"_links":{"self":[{"href":"https:\/\/sztettc.hu\/en\/wp-json\/wp\/v2\/pages\/273","targetHints":{"allow":["GET"]}}],"collection":[{"href":"https:\/\/sztettc.hu\/en\/wp-json\/wp\/v2\/pages"}],"about":[{"href":"https:\/\/sztettc.hu\/en\/wp-json\/wp\/v2\/types\/page"}],"author":[{"embeddable":true,"href":"https:\/\/sztettc.hu\/en\/wp-json\/wp\/v2\/users\/1"}],"replies":[{"embeddable":true,"href":"https:\/\/sztettc.hu\/en\/wp-json\/wp\/v2\/comments?post=273"}],"version-history":[{"count":8,"href":"https:\/\/sztettc.hu\/en\/wp-json\/wp\/v2\/pages\/273\/revisions"}],"predecessor-version":[{"id":354,"href":"https:\/\/sztettc.hu\/en\/wp-json\/wp\/v2\/pages\/273\/revisions\/354"}],"wp:attachment":[{"href":"https:\/\/sztettc.hu\/en\/wp-json\/wp\/v2\/media?parent=273"}],"curies":[{"name":"wp","href":"https:\/\/api.w.org\/{rel}","templated":true}]}}