{"id":121,"date":"2025-01-08T09:29:00","date_gmt":"2025-01-08T08:29:00","guid":{"rendered":"https:\/\/sztettc.hu\/?page_id=121"},"modified":"2025-08-22T16:34:43","modified_gmt":"2025-08-22T14:34:43","slug":"for-enterprises","status":"publish","type":"page","link":"https:\/\/sztettc.hu\/en\/for-enterprises\/","title":{"rendered":"For Enterprises"},"content":{"rendered":"<section class=\"bde-section-121-101 bde-section\">\n  \n  \n\t\n\n\n\n<div class=\"section-container\"><div class=\"bde-grid-121-102 bde-grid\">\n  \n  \n\t\n\n\n\n<div class=\"bde-div-121-103 bde-div\">\n  \n  \n\t\n\n\n\n<h1 class=\"bde-heading-121-105 bde-heading\">\nR+D+I cooperation\n<\/h1><p class=\"bde-text-121-106 bde-text\">\nSZTE TTC Zrt. serves as a bridge between companies and university research. Our goal is to provide domestic and international market players with direct access to the latest scientific results, technologies, and research competencies, thereby enhancing their competitiveness and innovation capacity.<br><br>We are convinced that the driving force of a knowledge-based society lies in well-structured collaboration between public-sector and market-sector actors. Strategically designed R&amp;D&amp;I partnerships enable the creation of new, innovative products and services that generate not only business value, but also have a positive impact on society as a whole.\n<\/p><div class=\"bde-div-121-126 bde-div\">\n  \n  \n\t\n\n\n\n<p class=\"bde-text-121-125 bde-text\">\nSZTE TTC is committed to:\n<\/p><ul class=\"bde-basic-list-121-127 bde-basic-list\">\n  <li  >    \n          Bridges innovative enterprises and university research\n      <\/li>\n  <li  >    \n          Facilitate the establishment of long-term, mutually beneficial collaborations\n      <\/li>\n  <li  >    \n          Support the transition of research findings into market-ready solutions\n      <\/li>\n<\/ul><p class=\"bde-text-121-128 bde-text\">\nIf your company is planning an R&amp;D or innovation project, developing a go-to-market strategy, or seeking a university partner to address a specific technical challenge, the expert team at TTC is here to help you find the right solution. Do not hesitate to contact us!\n<\/p>\n<\/div><div class=\"bde-div-121-107 bde-div\">\n  \n  \n\t\n\n\n\n<div class=\"bde-button-121-108 bde-button\">\n    \n                                    \n    \n    \n    \n    \n            \n                    \n            \n            \n\n    \n    \n    \n    \n    \n    <a class=\"breakdance-link button-atom button-atom--secondary bde-button__button\" href=\"https:\/\/sztettc.hu\/en\/for-enterprises\/ajanlatkeres\/\" target=\"_self\" data-type=\"url\"  >\n\n    \n        <span class=\"button-atom__text\">Ask for a quote<\/span>\n\n        \n        \n                <\/a>\n\n    \n\n\n<\/div><div class=\"bde-button-121-109 bde-button\">\n    \n                                    \n    \n    \n    \n    \n            \n                    \n            \n            \n\n    \n    \n    \n    \n    \n    <a class=\"breakdance-link button-atom button-atom--primary bde-button__button\" href=\"https:\/\/sztettc.hu\/en\/for-enterprises\/kompetenciak\/\" target=\"_self\" data-type=\"url\"  >\n\n    \n        <span class=\"button-atom__text\">Competencies<\/span>\n\n        \n        \n                <\/a>\n\n    \n\n\n<\/div>\n<\/div>\n<\/div><div class=\"bde-div-121-110 bde-div\">\n  \n  \n\t\n\n\n\n<div class=\"bde-image-121-111 bde-image\">\n<figure class=\"breakdance-image breakdance-image--215\">\n\t<div class=\"breakdance-image-container\">\n\t\t<div class=\"breakdance-image-clip\"><img loading=\"lazy\" decoding=\"async\" class=\"breakdance-image-object\" src=\"https:\/\/sztettc.hu\/wp-content\/uploads\/2025\/01\/young-businesswoman-searches-data-with-magnifying-glass-generated-by-ai.jpg\" width=\"1200\" height=\"686\" srcset=\"https:\/\/sztettc.hu\/wp-content\/uploads\/2025\/01\/young-businesswoman-searches-data-with-magnifying-glass-generated-by-ai.jpg 1200w, https:\/\/sztettc.hu\/wp-content\/uploads\/2025\/01\/young-businesswoman-searches-data-with-magnifying-glass-generated-by-ai-300x172.jpg 300w, https:\/\/sztettc.hu\/wp-content\/uploads\/2025\/01\/young-businesswoman-searches-data-with-magnifying-glass-generated-by-ai-1024x585.jpg 1024w, https:\/\/sztettc.hu\/wp-content\/uploads\/2025\/01\/young-businesswoman-searches-data-with-magnifying-glass-generated-by-ai-768x439.jpg 768w\" sizes=\"auto, (max-width: 1200px) 100vw, 1200px\"><\/div>\n\t<\/div><\/figure>\n\n<\/div><div class=\"bde-image-121-112 bde-image\">\n<figure class=\"breakdance-image breakdance-image--69\">\n\t<div class=\"breakdance-image-container\">\n\t\t<div class=\"breakdance-image-clip\"><img loading=\"lazy\" decoding=\"async\" class=\"breakdance-image-object\" src=\"https:\/\/sztettc.hu\/wp-content\/uploads\/2024\/09\/modern-library-with-reading-area-seating-books-contemporary-architecture-aig59-1.jpg\" width=\"1920\" height=\"764\" srcset=\"https:\/\/sztettc.hu\/wp-content\/uploads\/2024\/09\/modern-library-with-reading-area-seating-books-contemporary-architecture-aig59-1.jpg 1920w, https:\/\/sztettc.hu\/wp-content\/uploads\/2024\/09\/modern-library-with-reading-area-seating-books-contemporary-architecture-aig59-1-300x119.jpg 300w, https:\/\/sztettc.hu\/wp-content\/uploads\/2024\/09\/modern-library-with-reading-area-seating-books-contemporary-architecture-aig59-1-1024x407.jpg 1024w, https:\/\/sztettc.hu\/wp-content\/uploads\/2024\/09\/modern-library-with-reading-area-seating-books-contemporary-architecture-aig59-1-768x306.jpg 768w, https:\/\/sztettc.hu\/wp-content\/uploads\/2024\/09\/modern-library-with-reading-area-seating-books-contemporary-architecture-aig59-1-1536x611.jpg 1536w\" sizes=\"auto, (max-width: 1920px) 100vw, 1920px\"><\/div>\n\t<\/div><\/figure>\n\n<\/div>\n<\/div>\n<\/div><\/div>\n<\/section>","protected":false},"excerpt":{"rendered":"<p>K+F+I egy\u00fcttm\u0171k\u00f6d\u00e9s Az SZTE TTC Zrt. hidat k\u00e9pez a v\u00e1llalatok \u00e9s az egyetemi kutat\u00e1sok k\u00f6z\u00f6tt. C\u00e9lunk, hogy a hazai \u00e9s nemzetk\u00f6zi piac szerepl\u0151i k\u00f6zvetlen\u00fcl hozz\u00e1f\u00e9rjenek a legfrissebb tudom\u00e1nyos eredm\u00e9nyekhez, technol\u00f3gi\u00e1khoz \u00e9s kutat\u00f3i kompetenci\u00e1khoz, ez\u00e1ltal n\u00f6velve versenyk\u00e9pess\u00e9g\u00fcket \u00e9s innov\u00e1ci\u00f3s k\u00e9pess\u00e9g\u00fcket.Meggy\u0151z\u0151d\u00e9s\u00fcnk, hogy a tud\u00e1salap\u00fa t\u00e1rsadalom motorja a j\u00f3l szervezett egy\u00fcttm\u0171k\u00f6d\u00e9s az \u00e1llami (k\u00f6zszf\u00e9ra) \u00e9s a piaci (versenyszf\u00e9ra) [&hellip;]<\/p>","protected":false},"author":1,"featured_media":0,"parent":0,"menu_order":300,"comment_status":"closed","ping_status":"closed","template":"","meta":{"_breakdance_hide_in_design_set":false,"_breakdance_tags":"","iawp_total_views":74,"footnotes":""},"class_list":["post-121","page","type-page","status-publish","hentry"],"_links":{"self":[{"href":"https:\/\/sztettc.hu\/en\/wp-json\/wp\/v2\/pages\/121","targetHints":{"allow":["GET"]}}],"collection":[{"href":"https:\/\/sztettc.hu\/en\/wp-json\/wp\/v2\/pages"}],"about":[{"href":"https:\/\/sztettc.hu\/en\/wp-json\/wp\/v2\/types\/page"}],"author":[{"embeddable":true,"href":"https:\/\/sztettc.hu\/en\/wp-json\/wp\/v2\/users\/1"}],"replies":[{"embeddable":true,"href":"https:\/\/sztettc.hu\/en\/wp-json\/wp\/v2\/comments?post=121"}],"version-history":[{"count":15,"href":"https:\/\/sztettc.hu\/en\/wp-json\/wp\/v2\/pages\/121\/revisions"}],"predecessor-version":[{"id":596,"href":"https:\/\/sztettc.hu\/en\/wp-json\/wp\/v2\/pages\/121\/revisions\/596"}],"wp:attachment":[{"href":"https:\/\/sztettc.hu\/en\/wp-json\/wp\/v2\/media?parent=121"}],"curies":[{"name":"wp","href":"https:\/\/api.w.org\/{rel}","templated":true}]}}